{"id":101,"date":"2010-11-22T22:26:16","date_gmt":"2010-11-22T21:26:16","guid":{"rendered":"http:\/\/czentarra.de\/cms\/?page_id=101"},"modified":"2026-01-05T08:48:18","modified_gmt":"2026-01-05T07:48:18","slug":"impressum","status":"publish","type":"page","link":"https:\/\/czentarra.de\/cms\/impressum\/","title":{"rendered":"Impressum"},"content":{"rendered":"<h2>Impressum<\/h2>\n<p><strong>Anschrift<\/strong><\/p>\n<p>Peitzer Stra\u00dfe 21<br \/>\n03042 Cottbus<\/p>\n<p><strong>Telefon \/ Fax<br \/>\n<\/strong><\/p>\n<p>(03 55) 72 99 14 12<\/p>\n<p>(0355) 72 99 14 14<\/p>\n<p><strong>E-Mail<\/strong><\/p>\n<p><a href=\"mailto:info@czentarra.de\">info@czentarra.de<\/a><\/p>\n<p><strong>Vertretungsberechtigter Gesch\u00e4ftsf\u00fchrer<\/strong><\/p>\n<p>Ralf Czentarra, Paul Czentarra<\/p>\n<p><strong>Umsatzsteueridentifikationsnummer gem\u00e4\u00df \u00a7 27 a Umsatzsteuergesetz<\/strong><\/p>\n<p>DE 138777600<\/p>\n<p><strong>Gr\u00fcndungsjahr<\/strong><\/p>\n<p>1991<\/p>\n<p><strong>Registergericht<\/strong><\/p>\n<p>Amtsgericht Cottbus<\/p>\n<p><strong>Registernummer<\/strong><\/p>\n<p>HRB 1401<\/p>\n<p><strong>Haftung f\u00fcr Inhalte<\/strong><\/p>\n<p>Die Inhalte unserer Seiten wurden mit gr\u00f6\u00dfter Sorgfalt<br \/>\nerstellt. F\u00fcr die Richtigkeit, Vollst\u00e4ndigkeit und<br \/>\nAktualit\u00e4t der Inhalte k\u00f6nnen wir jedoch keine Gew\u00e4hr<br \/>\n\u00fcbernehmen.<\/p>\n<p>Als Diensteanbieter sind wir gem\u00e4\u00df \u00a7 6 Abs.1 MDStV<br \/>\nund \u00a7 8 Abs.1 TDG f\u00fcr eigene Inhalte auf diesen Seiten nach<br \/>\nden allgemeinen Gesetzen verantwortlich. Diensteanbieter sind jedoch<br \/>\nnicht verpflichtet, die von ihnen \u00fcbermittelten oder gespeicherten<br \/>\nfremden Informationen zu \u00fcberwachen oder nach Umst\u00e4nden zu<br \/>\nforschen, die auf eine rechtswidrige T\u00e4tigkeit hinweisen.<br \/>\nVerpflichtungen zur Entfernung oder Sperrung der Nutzung von<br \/>\nInformationen nach den allgemeinen Gesetzen bleiben hiervon<br \/>\nunber\u00fchrt. Eine diesbez\u00fcgliche Haftung ist jedoch erst ab dem<br \/>\nZeitpunkt der Kenntnis einer konkreten Rechtsverletzung m\u00f6glich.<br \/>\nBei bekannt werden von entsprechenden Rechtsverletzungen werden wir<br \/>\ndiese Inhalte umgehend entfernen.<\/p>\n<p><strong>Haftung f\u00fcr Links<\/strong><\/p>\n<p>Unser Angebot enth\u00e4lt Links zu externen Webseiten Dritter, auf<br \/>\nderen Inhalte wir keinen Einfluss haben. Deshalb k\u00f6nnen wir<br \/>\nf\u00fcr diese fremden Inhalte auch keine Gew\u00e4hr \u00fcbernehmen.<br \/>\nF\u00fcr die Inhalte der verlinkten Seiten ist stets der jeweilige<br \/>\nAnbieter oder Betreiber der Seiten verantwortlich. Die verlinkten Seiten<br \/>\nwurden zum Zeitpunkt der Verlinkung auf m\u00f6gliche<br \/>\nRechtsverst\u00f6\u00dfe \u00fcberpr\u00fcft. Rechtswidrige Inhalte<br \/>\nwaren zum Zeitpunkt der Verlinkung nicht erkennbar. Eine permanente<br \/>\ninhaltliche Kontrolle der verlinkten Seiten ist jedoch ohne konkrete<br \/>\nAnhaltspunkte einer Rechtsverletzung nicht zumutbar. Bei bekannt werden<br \/>\nvon Rechtsverletzungen werden wir derartige Links umgehend<br \/>\nentfernen.<\/p>\n<p><strong>Urheberrecht<\/strong><\/p>\n<p>Die Betreiber der Seiten sind bem\u00fcht, stets die Urheberrechte<br \/>\nanderer zu beachten bzw. auf selbst erstellte sowie lizenzfreie Werke<br \/>\nzur\u00fcckzugreifen.<\/p>\n<p>Die durch die Seitenbetreiber erstellten<br \/>\nInhalte und Werke auf diesen Seiten unterliegen dem deutschen<br \/>\nUrheberrecht. Beitr\u00e4ge Dritter sind als solche gekennzeichnet. Die<br \/>\nVervielf\u00e4ltigung, Bearbeitung, Verbreitung und jede Art der<br \/>\nVerwertung au\u00dferhalb der Grenzen des Urheberrechtes bed\u00fcrfen<br \/>\nder schriftlichen Zustimmung des jeweiligen Autors bzw. Erstellers.<br \/>\nDownloads und Kopien dieser Seite sind nur f\u00fcr den privaten, nicht<br \/>\nkommerziellen Gebrauch gestattet.<\/p>\n<p><strong>Datenschutz <\/strong><\/p>\n<p>Soweit auf unseren Seiten personenbezogene Daten (beispielsweise<br \/>\nName, Anschrift oder eMail-Adressen) erhoben werden, erfolgt dies soweit<br \/>\nm\u00f6glich stets auf freiwilliger Basis. Die Nutzung der Angebote und<br \/>\nDienste ist, soweit m\u00f6glich, stets ohne Angabe personenbezogener<br \/>\nDaten m\u00f6glich.<\/p>\n<p>Der Nutzung von im Rahmen der Impressumspflicht ver\u00f6ffentlichten<br \/>\nKontaktdaten durch Dritte zur \u00dcbersendung von nicht<br \/>\nausdr\u00fccklich angeforderter Werbung und Informationsmaterialien wird<br \/>\nhiermit ausdr\u00fccklich widersprochen. Die Betreiber der Seiten<br \/>\nbehalten sich ausdr\u00fccklich rechtliche Schritte im Falle der<br \/>\nunverlangten Zusendung von Werbeinformationen, etwa durch Spam-Mails,<br \/>\nvor.<\/p>\n<p>Webmaster: Paul Czentarra<\/p>\n<p>Quelle: <a href=\"http:\/\/www.e-recht24.de\/muster-disclaimer.htm\">Disclaimer<\/a><\/p>\n","protected":false},"excerpt":{"rendered":"<p>Impressum Anschrift Peitzer Stra\u00dfe 21 03042 Cottbus Telefon \/ Fax (03 55) 72 99 14 12 (0355) 72 99 14 14 E-Mail info@czentarra.de Vertretungsberechtigter Gesch\u00e4ftsf\u00fchrer Ralf Czentarra, Paul Czentarra Umsatzsteueridentifikationsnummer gem\u00e4\u00df \u00a7 27 a Umsatzsteuergesetz DE 138777600 Gr\u00fcndungsjahr 1991 Registergericht Amtsgericht Cottbus Registernummer HRB 1401 Haftung f\u00fcr Inhalte Die Inhalte unserer Seiten wurden mit gr\u00f6\u00dfter Sorgfalt erstellt. F\u00fcr die Richtigkeit, &hellip; <a href=\"https:\/\/czentarra.de\/cms\/impressum\/\">mehr <span class=\"meta-nav\">&rarr;<\/span><\/a><\/p>\n","protected":false},"author":1,"featured_media":0,"parent":0,"menu_order":0,"comment_status":"open","ping_status":"open","template":"","meta":{"footnotes":""},"class_list":["post-101","page","type-page","status-publish","hentry"],"_links":{"self":[{"href":"https:\/\/czentarra.de\/cms\/wp-json\/wp\/v2\/pages\/101","targetHints":{"allow":["GET"]}}],"collection":[{"href":"https:\/\/czentarra.de\/cms\/wp-json\/wp\/v2\/pages"}],"about":[{"href":"https:\/\/czentarra.de\/cms\/wp-json\/wp\/v2\/types\/page"}],"author":[{"embeddable":true,"href":"https:\/\/czentarra.de\/cms\/wp-json\/wp\/v2\/users\/1"}],"replies":[{"embeddable":true,"href":"https:\/\/czentarra.de\/cms\/wp-json\/wp\/v2\/comments?post=101"}],"version-history":[{"count":14,"href":"https:\/\/czentarra.de\/cms\/wp-json\/wp\/v2\/pages\/101\/revisions"}],"predecessor-version":[{"id":1612,"href":"https:\/\/czentarra.de\/cms\/wp-json\/wp\/v2\/pages\/101\/revisions\/1612"}],"wp:attachment":[{"href":"https:\/\/czentarra.de\/cms\/wp-json\/wp\/v2\/media?parent=101"}],"curies":[{"name":"wp","href":"https:\/\/api.w.org\/{rel}","templated":true}]}}