{"id":136,"date":"2010-11-30T10:44:47","date_gmt":"2010-11-30T09:44:47","guid":{"rendered":"http:\/\/czentarra.de\/cms\/?page_id=136"},"modified":"2023-02-28T16:51:12","modified_gmt":"2023-02-28T15:51:12","slug":"cottbus","status":"publish","type":"page","link":"https:\/\/czentarra.de\/cms\/filialen-2\/cottbus\/","title":{"rendered":"Cottbus"},"content":{"rendered":"<div id=\"fcontent\">\n<div id=\"oeffnungszeiten\">\n<h3>\u00d6ffnungszeiten:<\/h3>\n<table>\n<tbody>\n<tr>\n<td>Sommer<\/td>\n<td>(April &#8211; Oktober)<\/td>\n<\/tr>\n<tr>\n<td>Mo-Do<\/td>\n<td>6.30 &#8211; 17.30<\/td>\n<\/tr>\n<tr>\n<td>Fr<\/td>\n<td>6.30 &#8211; 17.00<\/td>\n<\/tr>\n<tr>\n<td>Sa<\/td>\n<td>8.30 &#8211; 11.30<\/td>\n<\/tr>\n<tr>\n<td><\/td>\n<td><\/td>\n<\/tr>\n<tr>\n<td>Winter<\/td>\n<td>(November &#8211; M\u00e4rz)<\/td>\n<\/tr>\n<tr>\n<td>Mo-Do<\/td>\n<td>7.00 &#8211; 17.30<\/td>\n<\/tr>\n<tr>\n<td>Fr<\/td>\n<td>7.00 &#8211; 17.00<\/td>\n<\/tr>\n<tr>\n<td><\/td>\n<td><\/td>\n<\/tr>\n<\/tbody>\n<\/table>\n<\/div>\n<div id=\"kontakt\">\n<div id=\"kontakttext\">Kontakt:<\/div>\n<div id=\"kontaktman\">\n<div id=\"r1\">Telefon:<\/div>\n<div id=\"r2\">Verkauf<\/div>\n<div id=\"r3\">Buchhaltung<\/div>\n<div id=\"r4\">Gesch\u00e4ftsl.<\/div>\n<div id=\"r41\">Au\u00dfendienst<\/div>\n<div id=\"r5\">Fax:<\/div>\n<div id=\"r6\">Mail:<\/div>\n<\/div>\n<div id=\"kontaktnummer\">\n<div id=\"rr1\">03 55 \/ 72 99 14 <span style=\"font-family: Arial Black;\">12<\/span><\/div>\n<div id=\"rr2\">03 55 \/ 72 99 14 <span style=\"font-family: Arial Black;\">10<\/span><\/div>\n<div id=\"rr3\">03 55 \/ 72 99 14 <span style=\"font-family: Arial Black;\">11<\/span><\/div>\n<div id=\"rr31\">03 55 \/ 72 99 14 <span style=\"font-family: Arial Black;\">13<\/span><\/div>\n<div id=\"rr4\">03 55 \/ 72 99 14 <span style=\"font-family: Arial Black;\">14<\/span><\/div>\n<div id=\"rr5\">info@czentarra.de<\/div>\n<\/div>\n<\/div>\n<div id=\"anfahrt\">\n<div id=\"anfahrtinhalt\"><\/div>\n<\/div>\n<div style=\"clear: both;\"><\/div>\n<\/div>\n","protected":false},"excerpt":{"rendered":"<p>\u00d6ffnungszeiten: Sommer (April &#8211; Oktober) Mo-Do 6.30 &#8211; 17.30 Fr 6.30 &#8211; 17.00 Sa 8.30 &#8211; 11.30 Winter (November &#8211; M\u00e4rz) Mo-Do 7.00 &#8211; 17.30 Fr 7.00 &#8211; 17.00 Kontakt: Telefon: Verkauf Buchhaltung Gesch\u00e4ftsl. Au\u00dfendienst Fax: Mail: 03 55 \/ 72 99 14 12 03 55 \/ 72 99 14 10 03 55 \/ 72 99 14 11 03 55 &hellip; <a href=\"https:\/\/czentarra.de\/cms\/filialen-2\/cottbus\/\">mehr <span class=\"meta-nav\">&rarr;<\/span><\/a><\/p>\n","protected":false},"author":1,"featured_media":0,"parent":40,"menu_order":1,"comment_status":"open","ping_status":"open","template":"","meta":{"footnotes":""},"class_list":["post-136","page","type-page","status-publish","hentry"],"_links":{"self":[{"href":"https:\/\/czentarra.de\/cms\/wp-json\/wp\/v2\/pages\/136","targetHints":{"allow":["GET"]}}],"collection":[{"href":"https:\/\/czentarra.de\/cms\/wp-json\/wp\/v2\/pages"}],"about":[{"href":"https:\/\/czentarra.de\/cms\/wp-json\/wp\/v2\/types\/page"}],"author":[{"embeddable":true,"href":"https:\/\/czentarra.de\/cms\/wp-json\/wp\/v2\/users\/1"}],"replies":[{"embeddable":true,"href":"https:\/\/czentarra.de\/cms\/wp-json\/wp\/v2\/comments?post=136"}],"version-history":[{"count":20,"href":"https:\/\/czentarra.de\/cms\/wp-json\/wp\/v2\/pages\/136\/revisions"}],"predecessor-version":[{"id":1546,"href":"https:\/\/czentarra.de\/cms\/wp-json\/wp\/v2\/pages\/136\/revisions\/1546"}],"up":[{"embeddable":true,"href":"https:\/\/czentarra.de\/cms\/wp-json\/wp\/v2\/pages\/40"}],"wp:attachment":[{"href":"https:\/\/czentarra.de\/cms\/wp-json\/wp\/v2\/media?parent=136"}],"curies":[{"name":"wp","href":"https:\/\/api.w.org\/{rel}","templated":true}]}}