{"id":1587,"date":"2024-12-20T14:19:30","date_gmt":"2024-12-20T13:19:30","guid":{"rendered":"https:\/\/czentarra.de\/cms\/?page_id=1587"},"modified":"2024-12-20T14:35:02","modified_gmt":"2024-12-20T13:35:02","slug":"agbs","status":"publish","type":"page","link":"https:\/\/czentarra.de\/cms\/agbs\/","title":{"rendered":"AGBs"},"content":{"rendered":"<p><a href=\"https:\/\/czentarra.de\/cms\/wp-content\/uploads\/2024\/12\/B2B-Allgemeine-Verkaufs-und-Lieferbedingungen-zur-ausschliesslichen-Verwendung-im-Geschaeftsverkehr-gegenueber-Unternehmern.pdf\">B2B &#8211; Allgemeine Verkaufs- und Lieferbedingungen zur ausschlie\u00dflichen Verwendung im Gesch\u00e4ftsverkehr gegen\u00fcber Unternehmern<\/a><\/p>\n<p><a href=\"https:\/\/czentarra.de\/cms\/wp-content\/uploads\/2024\/12\/B2C-Allgemeine-Verkaufs-und-Lieferbedingungen.pdf\">B2C &#8211; Allgemeine Verkaufs- und Lieferbedingungen<\/a><\/p>\n<p><a href=\"https:\/\/czentarra.de\/cms\/wp-content\/uploads\/2024\/12\/B2B-MIETPARK-ALLGEMEINE-GESCHAeFTSBEDINGUNGEN-zur-ausschliesslichen-Verwendung-im-Geschaeftsverkehr-gegenueber-Unternehmern.pdf\">B2B &#8211; MIETPARK ALLGEMEINE GESCH\u00c4FTSBEDINGUNGEN zur ausschlie\u00dflichen Verwendung im Gesch\u00e4ftsverkehr gegen\u00fcber Unternehmern<\/a><\/p>\n<p><a href=\"https:\/\/czentarra.de\/cms\/wp-content\/uploads\/2024\/12\/B2C-MIETPARK-ALLGEMEINE-GESCHAeFTSBEDINGUNGEN.pdf\">B2C &#8211; MIETPARK ALLGEMEINE GESCH\u00c4FTSBEDINGUNGEN<\/a><\/p>\n","protected":false},"excerpt":{"rendered":"<p>B2B &#8211; Allgemeine Verkaufs- und Lieferbedingungen zur ausschlie\u00dflichen Verwendung im Gesch\u00e4ftsverkehr gegen\u00fcber Unternehmern B2C &#8211; Allgemeine Verkaufs- und Lieferbedingungen B2B &#8211; MIETPARK ALLGEMEINE GESCH\u00c4FTSBEDINGUNGEN zur ausschlie\u00dflichen Verwendung im Gesch\u00e4ftsverkehr gegen\u00fcber Unternehmern B2C &#8211; MIETPARK ALLGEMEINE GESCH\u00c4FTSBEDINGUNGEN<\/p>\n","protected":false},"author":10,"featured_media":0,"parent":0,"menu_order":0,"comment_status":"closed","ping_status":"closed","template":"","meta":{"footnotes":""},"class_list":["post-1587","page","type-page","status-publish","hentry"],"_links":{"self":[{"href":"https:\/\/czentarra.de\/cms\/wp-json\/wp\/v2\/pages\/1587","targetHints":{"allow":["GET"]}}],"collection":[{"href":"https:\/\/czentarra.de\/cms\/wp-json\/wp\/v2\/pages"}],"about":[{"href":"https:\/\/czentarra.de\/cms\/wp-json\/wp\/v2\/types\/page"}],"author":[{"embeddable":true,"href":"https:\/\/czentarra.de\/cms\/wp-json\/wp\/v2\/users\/10"}],"replies":[{"embeddable":true,"href":"https:\/\/czentarra.de\/cms\/wp-json\/wp\/v2\/comments?post=1587"}],"version-history":[{"count":5,"href":"https:\/\/czentarra.de\/cms\/wp-json\/wp\/v2\/pages\/1587\/revisions"}],"predecessor-version":[{"id":1598,"href":"https:\/\/czentarra.de\/cms\/wp-json\/wp\/v2\/pages\/1587\/revisions\/1598"}],"wp:attachment":[{"href":"https:\/\/czentarra.de\/cms\/wp-json\/wp\/v2\/media?parent=1587"}],"curies":[{"name":"wp","href":"https:\/\/api.w.org\/{rel}","templated":true}]}}